{"id":12583,"date":"2025-04-15T17:42:16","date_gmt":"2025-04-15T15:42:16","guid":{"rendered":"https:\/\/safedev.sidewave.it\/certificaciones\/"},"modified":"2025-06-04T19:36:58","modified_gmt":"2025-06-04T17:36:58","slug":"certificaciones","status":"publish","type":"page","link":"https:\/\/safedev.sidewave.it\/es\/certificaciones\/","title":{"rendered":"Certificaciones"},"content":{"rendered":"\t\t<div data-elementor-type=\"wp-page\" data-elementor-id=\"12583\" class=\"elementor elementor-12583 elementor-1300\" data-elementor-post-type=\"page\">\n\t\t\t\t<div class=\"elementor-element elementor-element-1a9fbc5 e-flex e-con-boxed e-con e-parent\" data-id=\"1a9fbc5\" data-element_type=\"container\" data-e-type=\"container\" data-settings=\"{&quot;background_background&quot;:&quot;classic&quot;}\">\n\t\t\t\t\t<div class=\"e-con-inner\">\n\t\t<div class=\"elementor-element elementor-element-a3f76c0 e-con-full e-flex e-con e-child\" data-id=\"a3f76c0\" data-element_type=\"container\" data-e-type=\"container\">\n\t\t\t\t<div class=\"elementor-element elementor-element-f5be722 elementor-widget elementor-widget-spacer\" data-id=\"f5be722\" data-element_type=\"widget\" data-e-type=\"widget\" data-widget_type=\"spacer.default\">\n\t\t\t\t<div class=\"elementor-widget-container\">\n\t\t\t\t\t\t\t<div class=\"elementor-spacer\">\n\t\t\t<div class=\"elementor-spacer-inner\"><\/div>\n\t\t<\/div>\n\t\t\t\t\t\t<\/div>\n\t\t\t\t<\/div>\n\t\t\t\t<div class=\"elementor-element elementor-element-d7ea6e7 elementor-widget-mobile__width-auto elementor-widget elementor-widget-heading\" data-id=\"d7ea6e7\" data-element_type=\"widget\" data-e-type=\"widget\" data-widget_type=\"heading.default\">\n\t\t\t\t<div class=\"elementor-widget-container\">\n\t\t\t\t\t<h1 class=\"elementor-heading-title elementor-size-default\">Certificaciones<\/h1>\t\t\t\t<\/div>\n\t\t\t\t<\/div>\n\t\t\t\t<div class=\"elementor-element elementor-element-06ee009 elementor-widget elementor-widget-image\" data-id=\"06ee009\" data-element_type=\"widget\" data-e-type=\"widget\" data-widget_type=\"image.default\">\n\t\t\t\t<div class=\"elementor-widget-container\">\n\t\t\t\t\t\t\t\t\t\t\t\t\t\t\t<img fetchpriority=\"high\" decoding=\"async\" width=\"1258\" height=\"93\" src=\"https:\/\/safedev.sidewave.it\/wp-content\/uploads\/2025\/06\/title-CERTIFICACIONES-sp-1.svg\" class=\"attachment-full size-full wp-image-13121\" alt=\"\" \/>\t\t\t\t\t\t\t\t\t\t\t\t\t\t\t<\/div>\n\t\t\t\t<\/div>\n\t\t\t\t<div class=\"elementor-element elementor-element-ea3eb99 elementor-widget elementor-widget-spacer\" data-id=\"ea3eb99\" data-element_type=\"widget\" data-e-type=\"widget\" data-widget_type=\"spacer.default\">\n\t\t\t\t<div class=\"elementor-widget-container\">\n\t\t\t\t\t\t\t<div class=\"elementor-spacer\">\n\t\t\t<div class=\"elementor-spacer-inner\"><\/div>\n\t\t<\/div>\n\t\t\t\t\t\t<\/div>\n\t\t\t\t<\/div>\n\t\t\t\t<\/div>\n\t\t<div class=\"elementor-element elementor-element-173e299 e-con-full elementor-hidden-tablet_extra elementor-hidden-tablet elementor-hidden-mobile e-flex e-con e-child\" data-id=\"173e299\" data-element_type=\"container\" data-e-type=\"container\">\n\t\t\t\t<div class=\"elementor-element elementor-element-8511123 elementor-absolute elementor-widget elementor-widget-shortcode\" data-id=\"8511123\" data-element_type=\"widget\" data-e-type=\"widget\" data-settings=\"{&quot;_position&quot;:&quot;absolute&quot;}\" data-widget_type=\"shortcode.default\">\n\t\t\t\t<div class=\"elementor-widget-container\">\n\t\t\t\t\t\t\t<div class=\"elementor-shortcode\"><div class=\"safe-lines safe-lines-animated certificazioni-linea-desktop certificazioni-linea-desktop\" data-wrapper-selector=\"\"><svg width=\"710\" height=\"2128\" viewBox=\"0 0 710 2128\" fill=\"none\" xmlns=\"http:\/\/www.w3.org\/2000\/svg\">\n\t                <linearGradient id=\"safe-svg-69def7005fc2b\" x1=\"0\" y1=\"0\" x2=\"0\" y2=\"1\" gradientUnits=\"objectBoundingBox\">\n                    <stop offset=\"0.00\" stop-color=\"#407FBD\"><\/stop>\n                    <stop offset=\"0.05\" stop-color=\"#FFFBFA\"><\/stop>\n                    <stop offset=\"0.10\" stop-color=\"#407FBD\"><\/stop>\n                    <stop offset=\"0.50\" stop-color=\"#407FBD\"><\/stop>\n                    <stop offset=\"0.55\" stop-color=\"#FFFBFA\"><\/stop>\n                    <stop offset=\"0.60\" stop-color=\"#407FBD\"><\/stop>\n                    <animate attributeName=\"y1\" values=\"-1;1\" dur=\"10s\" repeatCount=\"indefinite\"><\/animate>\n                    <animate attributeName=\"y2\" values=\"0;2\" dur=\"10s\" repeatCount=\"indefinite\"><\/animate>\n                <\/linearGradient>\n<path id=\"safe-svg-69def7005fc2b\" d=\"M2.01197 2128L2.01194 494.917C2.01194 481.662 12.7571 470.917 26.0119 470.917L684 470.917C697.255 470.917 708 460.172 708 446.917L708 111.5C708 98.2452 697.255 87.5 684 87.5L120 87.5C106.745 87.5 96 76.7548 96 63.5L96 0.500054\" stroke=\"url(#safe-svg-69def7005fc2b)\" stroke-width=\"3\"\/>\n<\/svg>\n<\/div><\/div>\n\t\t\t\t\t\t<\/div>\n\t\t\t\t<\/div>\n\t\t\t\t<\/div>\n\t\t<div class=\"elementor-element elementor-element-b520ae8 e-con-full elementor-hidden-mobile elementor-hidden-desktop elementor-hidden-laptop e-flex e-con e-child\" data-id=\"b520ae8\" data-element_type=\"container\" data-e-type=\"container\">\n\t\t\t\t<div class=\"elementor-element elementor-element-e8a7525 elementor-absolute elementor-widget elementor-widget-shortcode\" data-id=\"e8a7525\" data-element_type=\"widget\" data-e-type=\"widget\" data-settings=\"{&quot;_position&quot;:&quot;absolute&quot;}\" data-widget_type=\"shortcode.default\">\n\t\t\t\t<div class=\"elementor-widget-container\">\n\t\t\t\t\t\t\t<div class=\"elementor-shortcode\"><div class=\"safe-lines safe-lines-animated certificazioni-linea-tablet certificazioni-linea-tablet\" data-wrapper-selector=\"\"><svg width=\"570\" height=\"2128\" viewBox=\"0 0 570 2128\" fill=\"none\" xmlns=\"http:\/\/www.w3.org\/2000\/svg\">\n\t                <linearGradient id=\"safe-svg-69def700604c6\" x1=\"0\" y1=\"0\" x2=\"0\" y2=\"1\" gradientUnits=\"objectBoundingBox\">\n                    <stop offset=\"0.00\" stop-color=\"#407FBD\"><\/stop>\n                    <stop offset=\"0.05\" stop-color=\"#FFFBFA\"><\/stop>\n                    <stop offset=\"0.10\" stop-color=\"#407FBD\"><\/stop>\n                    <stop offset=\"0.50\" stop-color=\"#407FBD\"><\/stop>\n                    <stop offset=\"0.55\" stop-color=\"#FFFBFA\"><\/stop>\n                    <stop offset=\"0.60\" stop-color=\"#407FBD\"><\/stop>\n                    <animate attributeName=\"y1\" values=\"-1;1\" dur=\"10s\" repeatCount=\"indefinite\"><\/animate>\n                    <animate attributeName=\"y2\" values=\"0;2\" dur=\"10s\" repeatCount=\"indefinite\"><\/animate>\n                <\/linearGradient>\n<path id=\"safe-svg-69def700604c6\" d=\"M2.01197 2128L2.01194 494.917C2.01194 481.662 12.7571 470.917 26.0119 470.917L544 470.917C557.255 470.917 568 460.172 568 446.917L568 111.5C568 98.2451 557.255 87.5 544 87.5L120 87.5C106.745 87.5 96 76.7548 96 63.5L96 0.500041\" stroke=\"url(#safe-svg-69def700604c6)\" stroke-width=\"3\"\/>\n<\/svg>\n<\/div><\/div>\n\t\t\t\t\t\t<\/div>\n\t\t\t\t<\/div>\n\t\t\t\t<\/div>\n\t\t\t\t\t<\/div>\n\t\t\t\t<\/div>\n\t\t<div class=\"elementor-element elementor-element-dd7fe6b e-flex e-con-boxed e-con e-parent\" data-id=\"dd7fe6b\" data-element_type=\"container\" data-e-type=\"container\">\n\t\t\t\t\t<div class=\"e-con-inner\">\n\t\t\t\t<div class=\"elementor-element elementor-element-940edac elementor-widget elementor-widget-spacer\" data-id=\"940edac\" data-element_type=\"widget\" data-e-type=\"widget\" data-widget_type=\"spacer.default\">\n\t\t\t\t<div class=\"elementor-widget-container\">\n\t\t\t\t\t\t\t<div class=\"elementor-spacer\">\n\t\t\t<div class=\"elementor-spacer-inner\"><\/div>\n\t\t<\/div>\n\t\t\t\t\t\t<\/div>\n\t\t\t\t<\/div>\n\t\t\t\t<div class=\"elementor-element elementor-element-c2b5b0a elementor-widget elementor-widget-text-editor\" data-id=\"c2b5b0a\" data-element_type=\"widget\" data-e-type=\"widget\" data-widget_type=\"text-editor.default\">\n\t\t\t\t<div class=\"elementor-widget-container\">\n\t\t\t\t\t\t\t\t\t<p>Todos nuestros productos cumplen las principales normas europeas e internacionales, lo que garantiza su seguridad, fiabilidad y calidad. Nuestras certificaciones incluyen: <\/p><ul><li><span data-sheets-root=\"1\">MSD &#8211; Directiva de M\u00e1quinas<\/span><\/li><li><span data-sheets-root=\"1\">ATEX &#8211; Productos para atm\u00f3sferas explosivas<\/span><\/li><li><span data-sheets-root=\"1\">PED &#8211; Equipos a presi\u00f3n<\/span><\/li><li><span data-sheets-root=\"1\">CEM &#8211; Compatibilidad electromagn\u00e9tica<\/span><\/li><li><span data-sheets-root=\"1\">LVD &#8211; Directiva de baja tensi\u00f3n<\/span><\/li><\/ul><p><span data-sheets-root=\"1\">Cada certificaci\u00f3n atestigua nuestro compromiso de ofrecer soluciones tecnol\u00f3gicas seguras y de alto rendimiento.<\/span><\/p>\t\t\t\t\t\t\t\t<\/div>\n\t\t\t\t<\/div>\n\t\t\t\t\t<\/div>\n\t\t\t\t<\/div>\n\t\t<div class=\"elementor-element elementor-element-7160b5a e-flex e-con-boxed e-con e-parent\" data-id=\"7160b5a\" data-element_type=\"container\" data-e-type=\"container\">\n\t\t\t\t\t<div class=\"e-con-inner\">\n\t\t\t\t<div class=\"elementor-element elementor-element-41749cd elementor-hidden-desktop elementor-hidden-laptop elementor-hidden-tablet_extra elementor-hidden-tablet elementor-widget elementor-widget-image\" data-id=\"41749cd\" data-element_type=\"widget\" data-e-type=\"widget\" data-widget_type=\"image.default\">\n\t\t\t\t<div class=\"elementor-widget-container\">\n\t\t\t\t\t\t\t\t\t\t\t\t\t\t\t<img decoding=\"async\" width=\"1\" height=\"1\" src=\"https:\/\/safedev.sidewave.it\/wp-content\/uploads\/2025\/05\/certificazioni-linea-1.svg\" class=\"attachment-full size-full wp-image-6124\" alt=\"\" \/>\t\t\t\t\t\t\t\t\t\t\t\t\t\t\t<\/div>\n\t\t\t\t<\/div>\n\t\t\t\t<div class=\"elementor-element elementor-element-6ab70b4 elementor-hidden-mobile elementor-widget elementor-widget-spacer\" data-id=\"6ab70b4\" data-element_type=\"widget\" data-e-type=\"widget\" data-widget_type=\"spacer.default\">\n\t\t\t\t<div class=\"elementor-widget-container\">\n\t\t\t\t\t\t\t<div class=\"elementor-spacer\">\n\t\t\t<div class=\"elementor-spacer-inner\"><\/div>\n\t\t<\/div>\n\t\t\t\t\t\t<\/div>\n\t\t\t\t<\/div>\n\t\t\t\t\t<\/div>\n\t\t\t\t<\/div>\n\t\t<div class=\"elementor-element elementor-element-4a9f4fe e-flex e-con-boxed e-con e-parent\" data-id=\"4a9f4fe\" data-element_type=\"container\" data-e-type=\"container\">\n\t\t\t\t\t<div class=\"e-con-inner\">\n\t\t\t\t<div class=\"elementor-element elementor-element-875a5d4 elementor-widget elementor-widget-shortcode\" data-id=\"875a5d4\" data-element_type=\"widget\" data-e-type=\"widget\" data-widget_type=\"shortcode.default\">\n\t\t\t\t<div class=\"elementor-widget-container\">\n\t\t\t\t\t\t\t<div class=\"elementor-shortcode\">\n    <div class=\"safe-certificazioni certificazioni-container\">\n        <div class=\"certificazioni-wrapper\">\n\t\t\t                <div class=\"certificazioni-categoria-wrapper\">\n                    <div class=\"certificazione-categoria\">\n                        <div class=\"certificazione-icon\"><\/div>\n                        <div class=\"certificazione-title\">\n\t\t\t\t\t\t\t                                <h3>Certificados CE PED<\/h3>\n\t\t\t\t\t\t\t                        <\/div>\n                    <\/div>\n                    <div class=\"certificazione-files\">\n\t\t\t\t\t\t\t\t\t\t\t\t                            <div class=\"certificazione-row\">\n                                <p>Certificado CE PED - Aprobaci\u00f3n del sistema de calidad - H<\/p>\n                                                                <a href=\"https:\/\/safedev.sidewave.it\/wp-content\/uploads\/2025\/05\/Certificato_CE_PED_-_Quality_System_Approval_-_H-SAFE-SpA.pdf\" target=\"_blank\"\n                                   rel=\"noopener noreferrer\">\n\t\t\t\t\t\t\t\t\tDescarga                                <\/a>\n                                \n                            <\/div>\n\t\t\t\t\t\t                            <div class=\"certificazione-row\">\n                                <p>Certificado CE PED - Aprobaci\u00f3n del sistema de calidad - H1<\/p>\n                                                                <a href=\"https:\/\/safedev.sidewave.it\/wp-content\/uploads\/2025\/05\/Certificato_CE_PED_-_Quality_System_Approval_-_H1-SAFE-SpA.pdf\" target=\"_blank\"\n                                   rel=\"noopener noreferrer\">\n\t\t\t\t\t\t\t\t\tDescarga                                <\/a>\n                                \n                            <\/div>\n\t\t\t\t\t\t                            <div class=\"certificazione-row\">\n                                <p>Certificado CE PED - 0948-QSH1-22038-24 Rev.1- H1 Hidromec\u00e1nica<\/p>\n                                                                <a href=\"https:\/\/safedev.sidewave.it\/wp-content\/uploads\/2025\/05\/SAFE-PED-0948-QSH1-22038-24-Rev.1-H1-Idromeccanica.pdf\" target=\"_blank\"\n                                   rel=\"noopener noreferrer\">\n\t\t\t\t\t\t\t\t\tDescarga                                <\/a>\n                                \n                            <\/div>\n\t\t\t\t\t\t                    <\/div>\n                <\/div>\n\t\t\t                <div class=\"certificazioni-categoria-wrapper\">\n                    <div class=\"certificazione-categoria\">\n                        <div class=\"certificazione-icon\"><\/div>\n                        <div class=\"certificazione-title\">\n\t\t\t\t\t\t\t                                <h3>Certificados ATEX<\/h3>\n\t\t\t\t\t\t\t                        <\/div>\n                    <\/div>\n                    <div class=\"certificazione-files\">\n\t\t\t\t\t\t\t\t\t\t\t\t                            <div class=\"certificazione-row\">\n                                <p>Carta de presentaci\u00f3n Ficha t\u00e9cnica Compresor SW - S - ST ATEX - parte mec\u00e1nica - Safe SpA<\/p>\n                                                                <a href=\"https:\/\/safedev.sidewave.it\/wp-content\/uploads\/2025\/05\/Lettera_deposito_Fascicolo_Tecnico_Compressore_SW_-_S_-_ST_ATEX_-_parte_meccanica_-_Safe_SpA-1.pdf\" target=\"_blank\"\n                                   rel=\"noopener noreferrer\">\n\t\t\t\t\t\t\t\t\tDescarga                                <\/a>\n                                \n                            <\/div>\n\t\t\t\t\t\t                            <div class=\"certificazione-row\">\n                                <p>Carta_de_presentaci\u00f3n_Archivo_T\u00e9cnico_Secadora_Regeneraci\u00f3n_PDRY_II2G_zona1_ATEX_-_Safe_SpA<\/p>\n                                                                <a href=\"https:\/\/safedev.sidewave.it\/wp-content\/uploads\/2025\/06\/Lettera_deposito_Fascicolo_Tecnico_Dryer_Rigenerazione_PDRY_II2G_zona1_ATEX_-_Safe_SpA-1.pdf\" target=\"_blank\"\n                                   rel=\"noopener noreferrer\">\n\t\t\t\t\t\t\t\t\tDescarga                                <\/a>\n                                \n                            <\/div>\n\t\t\t\t\t\t                            <div class=\"certificazione-row\">\n                                <p>Carta_de_archivo_Erogadores_t\u00e9cnicos_II2G_zona1_v.15_ATEX_-_parte_mec\u00e1nica_-_Safe_SpA<\/p>\n                                                                <a href=\"https:\/\/safedev.sidewave.it\/wp-content\/uploads\/2025\/06\/Lettera_deposito_Fascicolo_Tecnico_Erogatori_II2G_zona1_v.15_ATEX_-_parte_meccanica_-_Safe_SpA-1.pdf\" target=\"_blank\"\n                                   rel=\"noopener noreferrer\">\n\t\t\t\t\t\t\t\t\tDescarga                                <\/a>\n                                \n                            <\/div>\n\t\t\t\t\t\t                            <div class=\"certificazione-row\">\n                                <p>Carta_de_archivo_MRU_ATEX_-Dossier_t\u00e9cnico_-_parte_mec\u00e1nica_-_Safe_SpA<\/p>\n                                                                <a href=\"https:\/\/safedev.sidewave.it\/wp-content\/uploads\/2025\/06\/Lettera_deposito_Fascicolo_Tecnico_MRU_ATEX_-_parte_meccanica_-_Safe_SpA-1.pdf\" target=\"_blank\"\n                                   rel=\"noopener noreferrer\">\n\t\t\t\t\t\t\t\t\tDescarga                                <\/a>\n                                \n                            <\/div>\n\t\t\t\t\t\t                            <div class=\"certificazione-row\">\n                                <p>Carta_de_archivo_t\u00e9cnico_PRMS_ATEX_-_parte_mec\u00e1nica_-_Safe_SpA<\/p>\n                                                                <a href=\"https:\/\/safedev.sidewave.it\/wp-content\/uploads\/2025\/06\/Lettera_deposito_Fascicolo_Tecnico_PRMS_ATEX_-_parte_meccanica_-_Safe_SpA-1.pdf\" target=\"_blank\"\n                                   rel=\"noopener noreferrer\">\n\t\t\t\t\t\t\t\t\tDescarga                                <\/a>\n                                \n                            <\/div>\n\t\t\t\t\t\t                    <\/div>\n                <\/div>\n\t\t\t                <div class=\"certificazioni-categoria-wrapper\">\n                    <div class=\"certificazione-categoria\">\n                        <div class=\"certificazione-icon\"><\/div>\n                        <div class=\"certificazione-title\">\n\t\t\t\t\t\t\t                                <h3>Certificados del Sistema de Gesti\u00f3n de la Calidad UNI EN ISO 9001 2015<\/h3>\n\t\t\t\t\t\t\t                        <\/div>\n                    <\/div>\n                    <div class=\"certificazione-files\">\n\t\t\t\t\t\t\t\t\t\t\t\t                            <div class=\"certificazione-row\">\n                                <p>Pol\u00edtica, Calidad y Medio Ambiente - 240910-SAFE-R02<\/p>\n                                                                <a href=\"https:\/\/safedev.sidewave.it\/wp-content\/uploads\/2025\/05\/240910-Politica-Qualita-e-Ambiente-SAFE-R02-1.pdf\" target=\"_blank\"\n                                   rel=\"noopener noreferrer\">\n\t\t\t\t\t\t\t\t\tDescarga                                <\/a>\n                                \n                            <\/div>\n\t\t\t\t\t\t                            <div class=\"certificazione-row\">\n                                <p>Certificado UNI EN ISO 9001_2015 - Bureau Veritas - ITA - Safe SpA<\/p>\n                                                                <a href=\"https:\/\/safedev.sidewave.it\/wp-content\/uploads\/2025\/05\/Certificato_UNI_EN_ISO_9001_2015_-_Bureau_Veritas_-_ITA_-_Safe_SpA-1.pdf\" target=\"_blank\"\n                                   rel=\"noopener noreferrer\">\n\t\t\t\t\t\t\t\t\tDescarga                                <\/a>\n                                \n                            <\/div>\n\t\t\t\t\t\t                            <div class=\"certificazione-row\">\n                                <p>Certificado UNI EN ISO 9001_2015 - Bureau Veritas - ENG - Safe SpA<\/p>\n                                                                <a href=\"https:\/\/safedev.sidewave.it\/wp-content\/uploads\/2025\/05\/Certificate_UNI_EN_ISO_9001_2015_-_Bureau_Veritas_-_ENG_-_Safe_SpA-1.pdf\" target=\"_blank\"\n                                   rel=\"noopener noreferrer\">\n\t\t\t\t\t\t\t\t\tDescarga                                <\/a>\n                                \n                            <\/div>\n\t\t\t\t\t\t                            <div class=\"certificazione-row\">\n                                <p>Certificado UNI EN ISO 9001_2015 - Bureau Veritas - ESP - Safe SpA<\/p>\n                                                                <a href=\"https:\/\/safedev.sidewave.it\/wp-content\/uploads\/2025\/05\/Certificado_UNI_EN_ISO_9001_2015_-_Bureau_Veritas_-_ESP_-_Safe_SpA-1.pdf\" target=\"_blank\"\n                                   rel=\"noopener noreferrer\">\n\t\t\t\t\t\t\t\t\tDescarga                                <\/a>\n                                \n                            <\/div>\n\t\t\t\t\t\t                    <\/div>\n                <\/div>\n\t\t\t                <div class=\"certificazioni-categoria-wrapper\">\n                    <div class=\"certificazione-categoria\">\n                        <div class=\"certificazione-icon\"><\/div>\n                        <div class=\"certificazione-title\">\n\t\t\t\t\t\t\t                                <h3>Certificados HSE<\/h3>\n\t\t\t\t\t\t\t                        <\/div>\n                    <\/div>\n                    <div class=\"certificazione-files\">\n\t\t\t\t\t\t\t\t\t\t\t\t                            <div class=\"certificazione-row\">\n                                <p>Politica-Qualita-e-Ambiente-e-Sicurezza-SAFE-R02 -20250320<\/p>\n                                                                <a href=\"https:\/\/safedev.sidewave.it\/wp-content\/uploads\/2025\/05\/20250320-Politica-Qualita-e-Ambiente-e-Sicurezza-SAFE-R02-1.pdf\" target=\"_blank\"\n                                   rel=\"noopener noreferrer\">\n\t\t\t\t\t\t\t\t\tDescarga                                <\/a>\n                                \n                            <\/div>\n\t\t\t\t\t\t                            <div class=\"certificazione-row\">\n                                <p>Certificado IT340049 - SAFE S.P.A - ISO14001 ITA<\/p>\n                                                                <a href=\"https:\/\/safedev.sidewave.it\/wp-content\/uploads\/2025\/05\/Certificate-IT340049-SAFE-S.P.A-14001-ITA.pdf\" target=\"_blank\"\n                                   rel=\"noopener noreferrer\">\n\t\t\t\t\t\t\t\t\tDescarga                                <\/a>\n                                \n                            <\/div>\n\t\t\t\t\t\t                            <div class=\"certificazione-row\">\n                                <p>Certificado IT340049 - SAFE S.P.A - ISO14001 ENG<\/p>\n                                                                <a href=\"https:\/\/safedev.sidewave.it\/wp-content\/uploads\/2025\/05\/Certificate-IT340049-SAFE-S.P.A-14001-ENG.pdf\" target=\"_blank\"\n                                   rel=\"noopener noreferrer\">\n\t\t\t\t\t\t\t\t\tDescarga                                <\/a>\n                                \n                            <\/div>\n\t\t\t\t\t\t                            <div class=\"certificazione-row\">\n                                <p>Certificado IT340049 - SAFE S.P.A - ISO14001 ESP<\/p>\n                                                                <a href=\"https:\/\/safedev.sidewave.it\/wp-content\/uploads\/2025\/05\/Certificate-IT340049-SAFE-S.P.A-14001-SPA.pdf\" target=\"_blank\"\n                                   rel=\"noopener noreferrer\">\n\t\t\t\t\t\t\t\t\tDescarga                                <\/a>\n                                \n                            <\/div>\n\t\t\t\t\t\t                    <\/div>\n                <\/div>\n\t\t\t        <\/div>\n    <\/div>\n\n\t<\/div>\n\t\t\t\t\t\t<\/div>\n\t\t\t\t<\/div>\n\t\t\t\t\t<\/div>\n\t\t\t\t<\/div>\n\t\t<div class=\"elementor-element elementor-element-a1889c8 e-flex e-con-boxed e-con e-parent\" data-id=\"a1889c8\" data-element_type=\"container\" data-e-type=\"container\">\n\t\t\t\t\t<div class=\"e-con-inner\">\n\t\t\t\t<div class=\"elementor-element elementor-element-73303a5 elementor-widget elementor-widget-spacer\" data-id=\"73303a5\" data-element_type=\"widget\" data-e-type=\"widget\" data-widget_type=\"spacer.default\">\n\t\t\t\t<div class=\"elementor-widget-container\">\n\t\t\t\t\t\t\t<div class=\"elementor-spacer\">\n\t\t\t<div class=\"elementor-spacer-inner\"><\/div>\n\t\t<\/div>\n\t\t\t\t\t\t<\/div>\n\t\t\t\t<\/div>\n\t\t\t\t\t<\/div>\n\t\t\t\t<\/div>\n\t\t\t\t<\/div>\n\t\t","protected":false},"excerpt":{"rendered":"<p>Todos nuestros productos cumplen las principales normas europeas e internacionales, lo que garantiza su seguridad, fiabilidad y calidad. Nuestras certificaciones incluyen: MSD &#8211; Directiva de M\u00e1quinas ATEX &#8211; Productos para atm\u00f3sferas explosivas PED &#8211; Equipos a presi\u00f3n CEM &#8211; Compatibilidad electromagn\u00e9tica LVD &#8211; Directiva de baja tensi\u00f3n Cada certificaci\u00f3n atestigua nuestro compromiso de ofrecer soluciones [&hellip;]<\/p>\n","protected":false},"author":2,"featured_media":0,"parent":0,"menu_order":0,"comment_status":"closed","ping_status":"closed","template":"","meta":{"_acf_changed":false,"inline_featured_image":false,"footnotes":""},"class_list":["post-12583","page","type-page","status-publish","hentry"],"acf":[],"_links":{"self":[{"href":"https:\/\/safedev.sidewave.it\/es\/wp-json\/wp\/v2\/pages\/12583","targetHints":{"allow":["GET"]}}],"collection":[{"href":"https:\/\/safedev.sidewave.it\/es\/wp-json\/wp\/v2\/pages"}],"about":[{"href":"https:\/\/safedev.sidewave.it\/es\/wp-json\/wp\/v2\/types\/page"}],"author":[{"embeddable":true,"href":"https:\/\/safedev.sidewave.it\/es\/wp-json\/wp\/v2\/users\/2"}],"replies":[{"embeddable":true,"href":"https:\/\/safedev.sidewave.it\/es\/wp-json\/wp\/v2\/comments?post=12583"}],"version-history":[{"count":1,"href":"https:\/\/safedev.sidewave.it\/es\/wp-json\/wp\/v2\/pages\/12583\/revisions"}],"predecessor-version":[{"id":14483,"href":"https:\/\/safedev.sidewave.it\/es\/wp-json\/wp\/v2\/pages\/12583\/revisions\/14483"}],"wp:attachment":[{"href":"https:\/\/safedev.sidewave.it\/es\/wp-json\/wp\/v2\/media?parent=12583"}],"curies":[{"name":"wp","href":"https:\/\/api.w.org\/{rel}","templated":true}]}}